{"id":228815,"date":"2021-06-28T03:06:50","date_gmt":"2021-06-28T03:06:50","guid":{"rendered":"https:\/\/abmsevaluation.com\/about-us\/"},"modified":"2021-11-05T06:14:48","modified_gmt":"2021-11-05T06:14:48","slug":"about-us","status":"publish","type":"page","link":"https:\/\/abmsevaluation.com\/en\/about-us\/","title":{"rendered":"About Us"},"content":{"rendered":"<p>[et_pb_section fb_built=&#8221;1&#8243; make_equal=&#8221;on&#8221; specialty=&#8221;on&#8221; background_color_1=&#8221;RGBA(0,0,0,0)&#8221; padding_top_bottom_link_1=&#8221;true&#8221; padding_top_bottom_link_2=&#8221;true&#8221; padding_left_right_link_1=&#8221;true&#8221; padding_left_right_link_2=&#8221;false&#8221; padding_top_1=&#8221;10px&#8221; padding_top_2=&#8221;6vw&#8221; padding_right_1=&#8221;20px&#8221; padding_bottom_1=&#8221;10px&#8221; padding_bottom_2=&#8221;6vw&#8221; padding_left_1=&#8221;20px&#8221; padding_left_2=&#8221;80px&#8221; padding_2_tablet=&#8221;0px|0px||0px|false|true&#8221; padding_2_phone=&#8221;&#8221; padding_2_last_edited=&#8221;on|tablet&#8221; admin_label=&#8221;About&#8221; _builder_version=&#8221;4.9.7&#8243; background_color=&#8221;rgba(0,0,0,0.61)&#8221; use_background_color_gradient=&#8221;on&#8221; background_color_gradient_start=&#8221;rgba(0,14,100,0.53)&#8221; background_color_gradient_end=&#8221;#000e64&#8243; background_color_gradient_direction=&#8221;1deg&#8221; background_color_gradient_overlays_image=&#8221;on&#8221; background_image=&#8221;https:\/\/abmsevaluation.com\/wp-content\/uploads\/2021\/06\/dreamstime_s_194235847.jpg&#8221; z_index=&#8221;10&#8243; overflow-x=&#8221;hidden&#8221; overflow-y=&#8221;hidden&#8221; custom_padding=&#8221;0px||0px|10px||&#8221; locked=&#8221;off&#8221; global_colors_info=&#8221;{}&#8221;][et_pb_column type=&#8221;1_4&#8243; _builder_version=&#8221;3.25&#8243; custom_padding=&#8221;|||&#8221; global_colors_info=&#8221;{}&#8221; custom_padding__hover=&#8221;|||&#8221;][et_pb_text disabled_on=&#8221;on|on|off&#8221; _builder_version=&#8221;4.9.4&#8243; text_font=&#8221;|800||on|||||&#8221; text_text_color=&#8221;#00a5f2&#8243; text_font_size=&#8221;150px&#8221; text_line_height=&#8221;0.7em&#8221; transform_scale_tablet=&#8221;&#8221; transform_scale_phone=&#8221;&#8221; transform_scale_last_edited=&#8221;on|tablet&#8221; transform_translate=&#8221;-33%|250%&#8221; transform_translate_tablet=&#8221;0%|0%&#8221; transform_translate_phone=&#8221;&#8221; transform_translate_last_edited=&#8221;on|tablet&#8221; transform_translate_linked=&#8221;off&#8221; transform_rotate=&#8221;0deg|0deg|-90deg&#8221; transform_rotate_tablet=&#8221;0deg|0deg|0deg&#8221; transform_rotate_phone=&#8221;&#8221; transform_rotate_last_edited=&#8221;on|desktop&#8221; transform_skew_tablet=&#8221;&#8221; transform_skew_phone=&#8221;&#8221; transform_skew_last_edited=&#8221;on|desktop&#8221; transform_origin_tablet=&#8221;&#8221; transform_origin_phone=&#8221;&#8221; transform_origin_last_edited=&#8221;on|desktop&#8221; transform_styles_last_edited=&#8221;on|tablet&#8221; text_orientation=&#8221;center&#8221; background_layout=&#8221;dark&#8221; width=&#8221;500%&#8221; width_tablet=&#8221;100%&#8221; width_phone=&#8221;&#8221; width_last_edited=&#8221;on|tablet&#8221; custom_margin=&#8221;21px||||false|false&#8221; custom_padding=&#8221;||||false|false&#8221; custom_padding_tablet=&#8221;16px||||false|false&#8221; custom_padding_phone=&#8221;&#8221; custom_padding_last_edited=&#8221;on|tablet&#8221; text_font_size_tablet=&#8221;42px&#8221; text_font_size_phone=&#8221;32px&#8221; text_font_size_last_edited=&#8221;on|phone&#8221; text_line_height_last_edited=&#8221;off|desktop&#8221; transform_styles_tablet=&#8221;&#8221; transform_styles_phone=&#8221;&#8221; text_orientation_tablet=&#8221;left&#8221; text_orientation_phone=&#8221;&#8221; text_orientation_last_edited=&#8221;on|tablet&#8221; custom_css_main_element=&#8221;white-space: nowrap;&#8221; global_colors_info=&#8221;{}&#8221; transform_styles__hover_enabled=&#8221;off|desktop&#8221; transform_scale__hover_enabled=&#8221;off|desktop&#8221; transform_translate__hover_enabled=&#8221;off|desktop&#8221; transform_rotate__hover_enabled=&#8221;off|desktop&#8221; transform_skew__hover_enabled=&#8221;off|desktop&#8221; transform_origin__hover_enabled=&#8221;off|desktop&#8221; text_font_size__hover_enabled=&#8221;off|desktop&#8221;]<\/p>\n<p>About<\/p>\n<p>[\/et_pb_text][\/et_pb_column][et_pb_column type=&#8221;3_4&#8243; specialty_columns=&#8221;3&#8243; _builder_version=&#8221;3.25&#8243; custom_padding=&#8221;|||&#8221; global_colors_info=&#8221;{}&#8221; custom_padding__hover=&#8221;|||&#8221;][et_pb_row_inner _builder_version=&#8221;4.0.8&#8243; custom_padding=&#8221;0px|||||&#8221; global_colors_info=&#8221;{}&#8221;][et_pb_column_inner saved_specialty_column_type=&#8221;3_4&#8243; _builder_version=&#8221;4.0.8&#8243; global_colors_info=&#8221;{}&#8221;][et_pb_text module_class=&#8221;free-section-header free-db-light&#8221; _builder_version=&#8221;4.9.4&#8243; text_font=&#8221;||||||||&#8221; text_line_height=&#8221;2em&#8221; header_font=&#8221;||||||||&#8221; header_2_font=&#8221;|700|||||||&#8221; header_2_text_color=&#8221;#FFFFFF&#8221; header_2_font_size=&#8221;50px&#8221; header_2_line_height=&#8221;1.2em&#8221; header_4_font=&#8221;|||on|||||&#8221; header_4_text_color=&#8221;#FFFFFF&#8221; header_4_font_size=&#8221;15px&#8221; header_4_letter_spacing=&#8221;2px&#8221; header_4_line_height=&#8221;1.6em&#8221; max_width=&#8221;600px&#8221; module_alignment=&#8221;left&#8221; header_2_font_size_tablet=&#8221;42px&#8221; header_2_font_size_phone=&#8221;32px&#8221; header_2_font_size_last_edited=&#8221;on|desktop&#8221; locked=&#8221;off&#8221; global_colors_info=&#8221;{}&#8221;]<\/p>\n<div class=\"db-sh-divider-top\">\n<div><\/div>\n<div><\/div>\n<div><\/div>\n<div><\/div>\n<div><\/div>\n<\/div>\n<h4>Corporate Profile<\/h4>\n<div class=\"db-sh-divider-middle\">\n<div><\/div>\n<div><\/div>\n<div><\/div>\n<div><\/div>\n<div><\/div>\n<\/div>\n<h2>ABMS CHARTERED APPRAISERS<\/h2>\n<div class=\"db-sh-divider-bottom\">\n<div><\/div>\n<div><\/div>\n<div><\/div>\n<div><\/div>\n<div><\/div>\n<\/div>\n<p>[\/et_pb_text][et_pb_text _builder_version=&#8221;4.9.4&#8243; text_font=&#8221;|600|||||||&#8221; text_text_color=&#8221;#FFFFFF&#8221; text_line_height=&#8221;1.75em&#8221; background_layout=&#8221;dark&#8221; custom_margin=&#8221;9px|||||&#8221; custom_margin_tablet=&#8221;21px|||&#8221; custom_margin_phone=&#8221;&#8221; custom_margin_last_edited=&#8221;on|desktop&#8221; text_font_size_tablet=&#8221;14&#8243; text_font_size_phone=&#8221;&#8221; text_font_size_last_edited=&#8221;on|desktop&#8221; global_colors_info=&#8221;{}&#8221;]<\/p>\n<p>We are real estate appraisal and consulting firm with a strong well-established presence within the Greater Montreal Area. These strong foundational roots provide great comfort to any investor requiring real estate services from a firm that is so intimately familiar with this well-established market. Our specialized team of appraisers have extensive knowledge of each and every class of property in all corners of the Greater Montreal Region.<\/p>\n<p>[\/et_pb_text][\/et_pb_column_inner][\/et_pb_row_inner][et_pb_row_inner column_structure=&#8221;1_2,1_2&#8243; _builder_version=&#8221;4.9.4&#8243; _module_preset=&#8221;default&#8221; custom_padding=&#8221;0px|||||&#8221; global_colors_info=&#8221;{}&#8221;][et_pb_column_inner type=&#8221;1_2&#8243; saved_specialty_column_type=&#8221;3_4&#8243; _builder_version=&#8221;4.9.4&#8243; _module_preset=&#8221;default&#8221; global_colors_info=&#8221;{}&#8221;][et_pb_button button_url=&#8221;@ET-DC@eyJkeW5hbWljIjp0cnVlLCJjb250ZW50IjoicG9zdF9saW5rX3VybF9wYWdlIiwic2V0dGluZ3MiOnsicG9zdF9pZCI6IjIyODU3NSJ9fQ==@&#8221; button_text=&#8221;REQUEST QUOTE&#8221; button_alignment=&#8221;left&#8221; admin_label=&#8221;Button&#8221; _builder_version=&#8221;4.10.5&#8243; _dynamic_attributes=&#8221;button_url&#8221; custom_button=&#8221;on&#8221; button_text_size=&#8221;15px&#8221; button_text_color=&#8221;#ffffff&#8221; button_bg_color=&#8221;#00a5f2&#8243; button_border_width=&#8221;3px&#8221; button_border_color=&#8221;#00a5f2&#8243; button_border_radius=&#8221;0px&#8221; button_letter_spacing=&#8221;3px&#8221; button_font=&#8221;|700|||||||&#8221; button_use_icon=&#8221;off&#8221; custom_padding=&#8221;13px|30px|13px|30px|true|true&#8221; custom_css_main_element=&#8221;margin-top: 8px!important;&#8221; button_text_color_hover=&#8221;#fffffe&#8221; button_border_color_hover=&#8221;#333333&#8243; button_border_radius_hover=&#8221;0px&#8221; button_letter_spacing_hover=&#8221;3px&#8221; button_bg_color_hover=&#8221;#333333&#8243; saved_tabs=&#8221;all&#8221; global_colors_info=&#8221;{}&#8221; button_text_size__hover_enabled=&#8221;off&#8221; button_one_text_size__hover_enabled=&#8221;off&#8221; button_two_text_size__hover_enabled=&#8221;off&#8221; button_text_color__hover_enabled=&#8221;on&#8221; button_text_color__hover=&#8221;#00a5f2&#8243; button_one_text_color__hover_enabled=&#8221;off&#8221; button_two_text_color__hover_enabled=&#8221;off&#8221; button_border_width__hover_enabled=&#8221;off&#8221; button_one_border_width__hover_enabled=&#8221;off&#8221; button_two_border_width__hover_enabled=&#8221;off&#8221; button_border_color__hover_enabled=&#8221;on&#8221; button_border_color__hover=&#8221;#000000&#8243; button_one_border_color__hover_enabled=&#8221;off&#8221; button_two_border_color__hover_enabled=&#8221;off&#8221; button_border_radius__hover_enabled=&#8221;on&#8221; button_border_radius__hover=&#8221;0px&#8221; button_one_border_radius__hover_enabled=&#8221;off&#8221; button_two_border_radius__hover_enabled=&#8221;off&#8221; button_letter_spacing__hover_enabled=&#8221;on&#8221; button_letter_spacing__hover=&#8221;3px&#8221; button_one_letter_spacing__hover_enabled=&#8221;off&#8221; button_two_letter_spacing__hover_enabled=&#8221;off&#8221; button_bg_color__hover_enabled=&#8221;on|hover&#8221; button_bg_color__hover=&#8221;#000000&#8243; button_one_bg_color__hover_enabled=&#8221;off&#8221; button_two_bg_color__hover_enabled=&#8221;off&#8221; button_bg_enable_color__hover=&#8221;on&#8221;][\/et_pb_button][\/et_pb_column_inner][et_pb_column_inner type=&#8221;1_2&#8243; saved_specialty_column_type=&#8221;3_4&#8243; _builder_version=&#8221;4.9.4&#8243; _module_preset=&#8221;default&#8221; global_colors_info=&#8221;{}&#8221;][\/et_pb_column_inner][\/et_pb_row_inner][\/et_pb_column][\/et_pb_section][et_pb_section fb_built=&#8221;1&#8243; admin_label=&#8221;About&#8221; _builder_version=&#8221;4.6.6&#8243; background_enable_image=&#8221;off&#8221; background_size=&#8221;initial&#8221; background_position=&#8221;top_center&#8221; overflow-x=&#8221;hidden&#8221; overflow-y=&#8221;hidden&#8221; locked=&#8221;off&#8221; global_colors_info=&#8221;{}&#8221;][et_pb_row disabled_on=&#8221;on|on|off&#8221; _builder_version=&#8221;4.6.6&#8243; _module_preset=&#8221;default&#8221; background_color=&#8221;#f7f7f7&#8243; transform_rotate=&#8221;0deg|0deg|180deg&#8221; transform_skew=&#8221;0deg|32deg&#8221; transform_skew_linked=&#8221;off&#8221; transform_origin=&#8221;100%|50%&#8221; positioning=&#8221;absolute&#8221; position_origin_a=&#8221;top_center&#8221; max_width=&#8221;880px&#8221; height=&#8221;170px&#8221; custom_margin=&#8221;80px||||false|false&#8221; scroll_vertical_motion=&#8221;0|50|50|100|-9.5|0|-4&#8243; locked=&#8221;off&#8221; global_colors_info=&#8221;{}&#8221;][et_pb_column type=&#8221;4_4&#8243; _builder_version=&#8221;4.6.6&#8243; _module_preset=&#8221;default&#8221; global_colors_info=&#8221;{}&#8221;][et_pb_divider show_divider=&#8221;off&#8221; _builder_version=&#8221;4.6.6&#8243; _module_preset=&#8221;default&#8221; global_colors_info=&#8221;{}&#8221;][\/et_pb_divider][\/et_pb_column][\/et_pb_row][et_pb_row disabled_on=&#8221;on|on|off&#8221; _builder_version=&#8221;4.6.6&#8243; _module_preset=&#8221;default&#8221; background_color=&#8221;#00a5f2&#8243; transform_rotate=&#8221;0deg|0deg|180deg&#8221; transform_skew=&#8221;0deg|32deg&#8221; transform_skew_linked=&#8221;off&#8221; transform_origin=&#8221;100%|50%&#8221; positioning=&#8221;absolute&#8221; position_origin_a=&#8221;top_center&#8221; max_width=&#8221;880px&#8221; height=&#8221;100px&#8221; custom_margin=&#8221;230px|||50px|false|false&#8221; scroll_vertical_motion=&#8221;0|50|50|100|-9.5|0|-4&#8243; locked=&#8221;off&#8221; global_colors_info=&#8221;{}&#8221;][et_pb_column type=&#8221;4_4&#8243; _builder_version=&#8221;4.6.6&#8243; _module_preset=&#8221;default&#8221; global_colors_info=&#8221;{}&#8221;][et_pb_divider show_divider=&#8221;off&#8221; _builder_version=&#8221;4.6.6&#8243; _module_preset=&#8221;default&#8221; global_colors_info=&#8221;{}&#8221;][\/et_pb_divider][\/et_pb_column][\/et_pb_row][et_pb_row custom_padding_last_edited=&#8221;on|desktop&#8221; _builder_version=&#8221;4.4.0&#8243; custom_margin=&#8221;-2px|auto|2px|auto||&#8221; custom_padding=&#8221;21px|166px|16px|40px|false|false&#8221; custom_padding_tablet=&#8221;|0px||0px|false|false&#8221; custom_padding_phone=&#8221;|0px||0px|false|false&#8221; global_colors_info=&#8221;{}&#8221;][et_pb_column type=&#8221;4_4&#8243; _builder_version=&#8221;4.3.4&#8243; global_colors_info=&#8221;{}&#8221;][et_pb_tabs active_tab_background_color=&#8221;#1095eb&#8221; inactive_tab_background_color=&#8221;#000000&#8243; active_tab_text_color=&#8221;#FFFFFF&#8221; module_class=&#8221;horizontal-tab&#8221; _builder_version=&#8221;4.9.4&#8243; tab_text_color=&#8221;#ffffff&#8221; tab_font=&#8221;Montserrat|||on|||||&#8221; tab_font_size=&#8221;12px&#8221; tab_letter_spacing=&#8221;1px&#8221; tab_line_height=&#8221;2.4em&#8221; module_alignment=&#8221;center&#8221; custom_margin=&#8221;||||false|false&#8221; custom_padding=&#8221;|9px|||false|false&#8221; body_font_size_tablet=&#8221;&#8221; body_font_size_phone=&#8221;14px&#8221; body_font_size_last_edited=&#8221;on|phone&#8221; border_width_all=&#8221;0px&#8221; global_colors_info=&#8221;{}&#8221;][et_pb_tab title=&#8221;Our Mission&#8221; _builder_version=&#8221;4.9.4&#8243; body_font=&#8221;||||||||&#8221; body_text_color=&#8221;#000000&#8243; tab_font=&#8221;|||on|||||&#8221; tab_font_size=&#8221;16px&#8221; global_colors_info=&#8221;{}&#8221;]<\/p>\n<ul>\n<li>To provide our clients with the highest quality and most reliable real estate expertise based on a cross-disciplinary team approach in which clients benefit from the pooled expertise of specialized professionals.<\/li>\n<li>To provide compliant, accurate, and expedient appraisal services.<\/li>\n<li>To assist our clients in making informed real estate decisions tailored to their specific needs.<\/li>\n<li>To find creative solutions to the most challenging tasks.<\/li>\n<li>\u201cTracking the Market\u201d by providing the most current market data and up-to-date real estate intelligence.<\/li>\n<\/ul>\n<p>[\/et_pb_tab][et_pb_tab title=&#8221;Our Core Values&#8221; _builder_version=&#8221;4.9.4&#8243; body_font=&#8221;||||||||&#8221; body_text_color=&#8221;#000000&#8243; tab_font=&#8221;|||on|||||&#8221; tab_font_size=&#8221;16px&#8221; global_colors_info=&#8221;{}&#8221;]<\/p>\n<ul>\n<li>Work Ethics: We pride ourselves on producing high-quality appraisal reports that are well documented and supported. Our real estate advisory services are driven by our deep commitment in anticipating and responding to changes and advancements in the investment industry.<\/li>\n<li>Client-Driven: We are focused on our clients\u2019 specific needs and time constraints. Constant communication and follow ups during the work process will ensure quality-driven products.<\/li>\n<li>Competitive Pricing: We offer competitive prices. Our professional fees are set by evaluating the scope of the assignment mandated to ABMS.<\/li>\n<li>Technology Driven: We are committed to a continued investment in the best technologies, data systems, and software products to ensure efficiency and best practice.<\/li>\n<li>Corporate Culture: We provide a work environment that encourages professional growth by assisting employees in meeting organizational goals and personal career objectives.<\/li>\n<\/ul>\n<p>[\/et_pb_tab][et_pb_tab title=&#8221;Our Vision&#8221; _builder_version=&#8221;4.9.4&#8243; body_font=&#8221;||||||||&#8221; body_text_color=&#8221;#000000&#8243; tab_font=&#8221;|||on|||||&#8221; tab_font_size=&#8221;16px&#8221; global_colors_info=&#8221;{}&#8221;]<\/p>\n<ul>\n<li>To be the \u201cAppraisal Firm of Choice\u201d for institutional or private investors in Montreal\u2019s real estate community by providing higher standards of real estate expertise.<\/li>\n<li>Our clients will have a desire to work with us because of our ethics, professionalism, and knowledge. Our team of experienced professionals can answer their specific needs.<\/li>\n<\/ul>\n<p>[\/et_pb_tab][et_pb_tab title=&#8221;Our  Team&#8221; _builder_version=&#8221;4.9.4&#8243; body_font=&#8221;||||||||&#8221; body_text_color=&#8221;#000000&#8243; tab_font=&#8221;|||on|||||&#8221; tab_font_size=&#8221;16px&#8221; global_colors_info=&#8221;{}&#8221;]<\/p>\n<p>Our team of accredited real estate appraisers has extensive experience in all types of property valuation, new project analysis, cost consulting, municipal assessment reviews, expert witness, and forensic appraisal. Our senior appraisers hold the AACI and CRA professional designations granted by Appraisal Institute of Canada and \/ or \u00c9A professional designations granted by L\u2019Ordre des \u00c9valuateurs Agr\u00e9\u00e9s du Qu\u00e9bec.<\/p>\n<p>[\/et_pb_tab][\/et_pb_tabs][et_pb_code raw_content_tablet=&#8221;&#8221; raw_content_phone=&#8221;&#8221; raw_content_last_edited=&#8221;on|desktop&#8221; _builder_version=&#8221;4.9.2&#8243; _module_preset=&#8221;default&#8221; global_colors_info=&#8221;{}&#8221;]<\/p>\n<style><!-- [et_pb_line_break_holder] -->\/*horizontal tab*\/<!-- [et_pb_line_break_holder] -->.horizontal-tab{<!-- [et_pb_line_break_holder] --> border:none;<!-- [et_pb_line_break_holder] -->}<!-- [et_pb_line_break_holder] -->.horizontal-tab .et_pb_tabs_controls<!-- [et_pb_line_break_holder] -->{<!-- [et_pb_line_break_holder] --> background: none;<!-- [et_pb_line_break_holder] -->margin: auto;<!-- [et_pb_line_break_holder] -->margin-bottom:20px;<!-- [et_pb_line_break_holder] -->text-align: center;<!-- [et_pb_line_break_holder] -->}<!-- [et_pb_line_break_holder] -->.horizontal-tab .et_pb_tabs_controls:after<!-- [et_pb_line_break_holder] -->{ <!-- [et_pb_line_break_holder] --> border:none;<!-- [et_pb_line_break_holder] -->}<!-- [et_pb_line_break_holder] --><\/style>\n<p><!-- [et_pb_line_break_holder] -->[\/et_pb_code][\/et_pb_column][\/et_pb_row][\/et_pb_section][et_pb_section fb_built=&#8221;1&#8243; admin_label=&#8221;About Bottom&#8221; _builder_version=&#8221;4.6.6&#8243; custom_padding=&#8221;||||false|false&#8221; locked=&#8221;off&#8221; global_colors_info=&#8221;{}&#8221;][et_pb_row column_structure=&#8221;1_3,2_3&#8243; _builder_version=&#8221;4.6.6&#8243; global_colors_info=&#8221;{}&#8221;][et_pb_column type=&#8221;1_3&#8243; _builder_version=&#8221;4.4.3&#8243; global_colors_info=&#8221;{}&#8221;][et_pb_image src=&#8221;https:\/\/abmsevaluation.com\/wp-content\/uploads\/2021\/06\/dreamstime_s_384725.jpg&#8221; title_text=&#8221;dreamstime_s_384725&#8243; _builder_version=&#8221;4.9.4&#8243; custom_margin=&#8221;-80px|-8vw||-10vw|false|false&#8221; custom_margin_tablet=&#8221;|0vw||0vw|false|false&#8221; custom_margin_phone=&#8221;&#8221; custom_margin_last_edited=&#8221;on|phone&#8221; global_colors_info=&#8221;{}&#8221;][\/et_pb_image][\/et_pb_column][et_pb_column type=&#8221;2_3&#8243; _builder_version=&#8221;4.6.6&#8243; background_color=&#8221;#f7f7f7&#8243; custom_padding=&#8221;120px|60px|120px|60px|true|true&#8221; custom_padding_tablet=&#8221;50px|50px|50px|50px|true|true&#8221; custom_padding_phone=&#8221;30px|30px|30px|30px|true|true&#8221; custom_padding_last_edited=&#8221;on|phone&#8221; global_colors_info=&#8221;{}&#8221;][et_pb_text module_class=&#8221;free-section-header free-db-light&#8221; _builder_version=&#8221;4.9.4&#8243; text_font=&#8221;||||||||&#8221; text_line_height=&#8221;2em&#8221; header_font=&#8221;||||||||&#8221; header_2_font=&#8221;|700||on|||||&#8221; header_2_text_color=&#8221;#00a5f2&#8243; header_2_font_size=&#8221;50px&#8221; header_2_line_height=&#8221;1.2em&#8221; header_4_font=&#8221;|||on|||||&#8221; header_4_text_color=&#8221;#FFFFFF&#8221; header_4_font_size=&#8221;15px&#8221; header_4_letter_spacing=&#8221;2px&#8221; header_4_line_height=&#8221;1.6em&#8221; max_width=&#8221;600px&#8221; module_alignment=&#8221;left&#8221; header_2_font_size_tablet=&#8221;42px&#8221; header_2_font_size_phone=&#8221;32px&#8221; header_2_font_size_last_edited=&#8221;on|desktop&#8221; locked=&#8221;off&#8221; global_colors_info=&#8221;{}&#8221;]<\/p>\n<div class=\"db-sh-divider-top\">\n<h2>Our History<\/h2>\n<\/div>\n<div class=\"db-sh-divider-bottom\">\n<div><\/div>\n<div><\/div>\n<div><\/div>\n<div><\/div>\n<div><\/div>\n<\/div>\n<p>[\/et_pb_text][et_pb_text _builder_version=&#8221;4.9.4&#8243; text_font=&#8221;|600|||||||&#8221; text_text_color=&#8221;#000000&#8243; text_line_height=&#8221;1.75em&#8221; background_layout=&#8221;dark&#8221; custom_margin=&#8221;9px|||||&#8221; custom_margin_tablet=&#8221;21px|||&#8221; custom_margin_phone=&#8221;&#8221; custom_margin_last_edited=&#8221;on|desktop&#8221; text_font_size_tablet=&#8221;14&#8243; text_font_size_phone=&#8221;&#8221; text_font_size_last_edited=&#8221;on|desktop&#8221; global_colors_info=&#8221;{}&#8221;]<\/p>\n<p><span>From its early beginnings in 1992, the firm known as B\u00e9dard &amp; Associates \u2013 founded by Paul B\u00e9dard \u2013 evolved into BDB Chartered Appraisers in 1994 with the addition of partners George Boufounos, Giuseppe (Joe) Bruno, and Luc Delorme. As of May 1<\/span><sup>st<\/sup><span>\u00a02008, BDB Chartered Appraisers ceased to exist and George Boufounos, \u00c9A, AACI with his dedicated team of professionals started to operate under the name ABMS Chartered Appraisers.<\/span><\/p>\n<p>[\/et_pb_text][et_pb_button button_url=&#8221;@ET-DC@eyJkeW5hbWljIjp0cnVlLCJjb250ZW50IjoicG9zdF9saW5rX3VybF9wYWdlIiwic2V0dGluZ3MiOnsicG9zdF9pZCI6IjIyODU4NyJ9fQ==@&#8221; button_text=&#8221;CONTACT US&#8221; button_alignment=&#8221;left&#8221; admin_label=&#8221;Button&#8221; _builder_version=&#8221;4.10.5&#8243; _dynamic_attributes=&#8221;button_url&#8221; custom_button=&#8221;on&#8221; button_text_size=&#8221;15px&#8221; button_text_color=&#8221;#ffffff&#8221; button_bg_color=&#8221;#00a5f2&#8243; button_border_width=&#8221;3px&#8221; button_border_color=&#8221;#00a5f2&#8243; button_border_radius=&#8221;0px&#8221; button_letter_spacing=&#8221;3px&#8221; button_font=&#8221;|700|||||||&#8221; button_use_icon=&#8221;off&#8221; custom_padding=&#8221;13px|30px|13px|30px|true|true&#8221; custom_css_main_element=&#8221;margin-top: 8px!important;&#8221; button_text_color_hover=&#8221;#fffffe&#8221; button_border_color_hover=&#8221;#333333&#8243; button_border_radius_hover=&#8221;0px&#8221; button_letter_spacing_hover=&#8221;3px&#8221; button_bg_color_hover=&#8221;#333333&#8243; saved_tabs=&#8221;all&#8221; global_colors_info=&#8221;{}&#8221; button_text_size__hover_enabled=&#8221;off&#8221; button_one_text_size__hover_enabled=&#8221;off&#8221; button_two_text_size__hover_enabled=&#8221;off&#8221; button_text_color__hover_enabled=&#8221;on&#8221; button_text_color__hover=&#8221;#00a5f2&#8243; button_one_text_color__hover_enabled=&#8221;off&#8221; button_two_text_color__hover_enabled=&#8221;off&#8221; button_border_width__hover_enabled=&#8221;off&#8221; button_one_border_width__hover_enabled=&#8221;off&#8221; button_two_border_width__hover_enabled=&#8221;off&#8221; button_border_color__hover_enabled=&#8221;on&#8221; button_border_color__hover=&#8221;#000000&#8243; button_one_border_color__hover_enabled=&#8221;off&#8221; button_two_border_color__hover_enabled=&#8221;off&#8221; button_border_radius__hover_enabled=&#8221;on&#8221; button_border_radius__hover=&#8221;0px&#8221; button_one_border_radius__hover_enabled=&#8221;off&#8221; button_two_border_radius__hover_enabled=&#8221;off&#8221; button_letter_spacing__hover_enabled=&#8221;on&#8221; button_letter_spacing__hover=&#8221;3px&#8221; button_one_letter_spacing__hover_enabled=&#8221;off&#8221; button_two_letter_spacing__hover_enabled=&#8221;off&#8221; button_bg_color__hover_enabled=&#8221;on|hover&#8221; button_bg_color__hover=&#8221;#000000&#8243; button_one_bg_color__hover_enabled=&#8221;off&#8221; button_two_bg_color__hover_enabled=&#8221;off&#8221; button_bg_enable_color__hover=&#8221;on&#8221;][\/et_pb_button][et_pb_text _builder_version=&#8221;4.6.6&#8243; _module_preset=&#8221;default&#8221; background_color=&#8221;#FFFFFF&#8221; use_background_color_gradient=&#8221;on&#8221; background_color_gradient_start=&#8221;#00a5f2&#8243; background_color_gradient_end=&#8221;rgba(0,165,242,0.65)&#8221; positioning=&#8221;absolute&#8221; position_origin_a=&#8221;top_right&#8221; vertical_offset=&#8221;-40px&#8221; horizontal_offset=&#8221;-40px&#8221; width=&#8221;82px&#8221; height=&#8221;82px&#8221; scroll_vertical_motion_enable=&#8221;on&#8221; scroll_vertical_motion=&#8221;0|50|50|100|0.3|-0.3|0&#8243; border_radii=&#8221;off|45px||45px|&#8221; locked=&#8221;off&#8221; global_colors_info=&#8221;{}&#8221;][\/et_pb_text][\/et_pb_column][\/et_pb_row][\/et_pb_section]<\/p>\n","protected":false},"excerpt":{"rendered":"<p>About Corporate Profile ABMS CHARTERED APPRAISERS We are real estate appraisal and consulting firm with a strong well-established presence within the Greater Montreal Area. These strong foundational roots provide great comfort to any investor requiring real estate services from a firm that is so intimately familiar with this well-established market. Our specialized team of appraisers [&hellip;]<\/p>\n","protected":false},"author":1,"featured_media":0,"parent":0,"menu_order":0,"comment_status":"closed","ping_status":"closed","template":"","meta":{"_et_pb_use_builder":"on","_et_pb_old_content":"","_et_gb_content_width":"","footnotes":""},"class_list":["post-228815","page","type-page","status-publish","hentry"],"jetpack_sharing_enabled":true,"_links":{"self":[{"href":"https:\/\/abmsevaluation.com\/en\/wp-json\/wp\/v2\/pages\/228815","targetHints":{"allow":["GET"]}}],"collection":[{"href":"https:\/\/abmsevaluation.com\/en\/wp-json\/wp\/v2\/pages"}],"about":[{"href":"https:\/\/abmsevaluation.com\/en\/wp-json\/wp\/v2\/types\/page"}],"author":[{"embeddable":true,"href":"https:\/\/abmsevaluation.com\/en\/wp-json\/wp\/v2\/users\/1"}],"replies":[{"embeddable":true,"href":"https:\/\/abmsevaluation.com\/en\/wp-json\/wp\/v2\/comments?post=228815"}],"version-history":[{"count":3,"href":"https:\/\/abmsevaluation.com\/en\/wp-json\/wp\/v2\/pages\/228815\/revisions"}],"predecessor-version":[{"id":229234,"href":"https:\/\/abmsevaluation.com\/en\/wp-json\/wp\/v2\/pages\/228815\/revisions\/229234"}],"wp:attachment":[{"href":"https:\/\/abmsevaluation.com\/en\/wp-json\/wp\/v2\/media?parent=228815"}],"curies":[{"name":"wp","href":"https:\/\/api.w.org\/{rel}","templated":true}]}}