{"id":228821,"date":"2021-06-27T07:38:13","date_gmt":"2021-06-27T07:38:13","guid":{"rendered":"https:\/\/abmsevaluation.com\/our-team\/"},"modified":"2021-11-05T06:18:05","modified_gmt":"2021-11-05T06:18:05","slug":"our-team","status":"publish","type":"page","link":"https:\/\/abmsevaluation.com\/en\/our-team\/","title":{"rendered":"Our Team"},"content":{"rendered":"<p>[et_pb_section fb_built=&#8221;1&#8243; make_equal=&#8221;on&#8221; specialty=&#8221;on&#8221; background_color_1=&#8221;RGBA(0,0,0,0)&#8221; padding_top_bottom_link_1=&#8221;true&#8221; padding_top_bottom_link_2=&#8221;true&#8221; padding_left_right_link_1=&#8221;true&#8221; padding_left_right_link_2=&#8221;false&#8221; padding_top_1=&#8221;10px&#8221; padding_top_2=&#8221;6vw&#8221; padding_right_1=&#8221;20px&#8221; padding_bottom_1=&#8221;10px&#8221; padding_bottom_2=&#8221;6vw&#8221; padding_left_1=&#8221;20px&#8221; padding_left_2=&#8221;80px&#8221; padding_2_tablet=&#8221;0px|0px||0px|false|true&#8221; padding_2_phone=&#8221;&#8221; padding_2_last_edited=&#8221;on|tablet&#8221; admin_label=&#8221;About&#8221; _builder_version=&#8221;4.9.7&#8243; background_color=&#8221;rgba(0,0,0,0.61)&#8221; use_background_color_gradient=&#8221;on&#8221; background_color_gradient_start=&#8221;rgba(0,14,100,0.68)&#8221; background_color_gradient_end=&#8221;#000e64&#8243; background_color_gradient_direction=&#8221;1deg&#8221; background_color_gradient_overlays_image=&#8221;on&#8221; background_image=&#8221;https:\/\/abmsevaluation.com\/wp-content\/uploads\/2021\/06\/AdobeStock_25176950-scaled.jpeg&#8221; z_index=&#8221;10&#8243; overflow-x=&#8221;hidden&#8221; overflow-y=&#8221;hidden&#8221; custom_padding=&#8221;0px||0px|12px||&#8221; locked=&#8221;off&#8221; global_colors_info=&#8221;{}&#8221;][et_pb_column type=&#8221;1_4&#8243; _builder_version=&#8221;3.25&#8243; custom_padding=&#8221;|||&#8221; global_colors_info=&#8221;{}&#8221; custom_padding__hover=&#8221;|||&#8221;][et_pb_text disabled_on=&#8221;on|on|off&#8221; _builder_version=&#8221;4.9.4&#8243; text_font=&#8221;|800||on|||||&#8221; text_text_color=&#8221;#00a5f2&#8243; text_font_size=&#8221;150px&#8221; text_line_height=&#8221;0.7em&#8221; transform_scale_tablet=&#8221;&#8221; transform_scale_phone=&#8221;&#8221; transform_scale_last_edited=&#8221;on|tablet&#8221; transform_translate=&#8221;-33%|250%&#8221; transform_translate_tablet=&#8221;0%|0%&#8221; transform_translate_phone=&#8221;&#8221; transform_translate_last_edited=&#8221;on|tablet&#8221; transform_translate_linked=&#8221;off&#8221; transform_rotate=&#8221;0deg|0deg|-90deg&#8221; transform_rotate_tablet=&#8221;0deg|0deg|0deg&#8221; transform_rotate_phone=&#8221;&#8221; transform_rotate_last_edited=&#8221;on|desktop&#8221; transform_skew_tablet=&#8221;&#8221; transform_skew_phone=&#8221;&#8221; transform_skew_last_edited=&#8221;on|desktop&#8221; transform_origin_tablet=&#8221;&#8221; transform_origin_phone=&#8221;&#8221; transform_origin_last_edited=&#8221;on|desktop&#8221; transform_styles_last_edited=&#8221;on|tablet&#8221; text_orientation=&#8221;center&#8221; background_layout=&#8221;dark&#8221; width=&#8221;500%&#8221; width_tablet=&#8221;100%&#8221; width_phone=&#8221;&#8221; width_last_edited=&#8221;on|tablet&#8221; custom_margin=&#8221;2px||||false|false&#8221; custom_padding=&#8221;||||false|false&#8221; custom_padding_tablet=&#8221;16px||||false|false&#8221; custom_padding_phone=&#8221;&#8221; custom_padding_last_edited=&#8221;on|tablet&#8221; text_font_size_tablet=&#8221;42px&#8221; text_font_size_phone=&#8221;32px&#8221; text_font_size_last_edited=&#8221;on|phone&#8221; text_line_height_last_edited=&#8221;off|desktop&#8221; transform_styles_tablet=&#8221;&#8221; transform_styles_phone=&#8221;&#8221; text_orientation_tablet=&#8221;left&#8221; text_orientation_phone=&#8221;&#8221; text_orientation_last_edited=&#8221;on|tablet&#8221; custom_css_main_element=&#8221;white-space: nowrap;&#8221; global_colors_info=&#8221;{}&#8221; transform_styles__hover_enabled=&#8221;off|desktop&#8221; transform_scale__hover_enabled=&#8221;off|desktop&#8221; transform_translate__hover_enabled=&#8221;off|desktop&#8221; transform_rotate__hover_enabled=&#8221;off|desktop&#8221; transform_skew__hover_enabled=&#8221;off|desktop&#8221; transform_origin__hover_enabled=&#8221;off|desktop&#8221; text_font_size__hover_enabled=&#8221;off|desktop&#8221;]<\/p>\n<p>Team<\/p>\n<p>[\/et_pb_text][\/et_pb_column][et_pb_column type=&#8221;3_4&#8243; specialty_columns=&#8221;3&#8243; _builder_version=&#8221;3.25&#8243; custom_padding=&#8221;|||&#8221; global_colors_info=&#8221;{}&#8221; custom_padding__hover=&#8221;|||&#8221;][et_pb_row_inner _builder_version=&#8221;4.0.8&#8243; custom_padding=&#8221;5px|||||&#8221; global_colors_info=&#8221;{}&#8221;][et_pb_column_inner saved_specialty_column_type=&#8221;3_4&#8243; _builder_version=&#8221;4.0.8&#8243; global_colors_info=&#8221;{}&#8221;][et_pb_text module_class=&#8221;free-section-header free-db-light&#8221; _builder_version=&#8221;4.9.4&#8243; text_font=&#8221;||||||||&#8221; text_line_height=&#8221;2em&#8221; header_font=&#8221;||||||||&#8221; header_2_font=&#8221;|700|||||||&#8221; header_2_text_color=&#8221;#FFFFFF&#8221; header_2_font_size=&#8221;50px&#8221; header_2_line_height=&#8221;1.2em&#8221; header_4_font=&#8221;|||on|||||&#8221; header_4_text_color=&#8221;#FFFFFF&#8221; header_4_font_size=&#8221;15px&#8221; header_4_letter_spacing=&#8221;2px&#8221; header_4_line_height=&#8221;1.6em&#8221; max_width=&#8221;600px&#8221; module_alignment=&#8221;left&#8221; header_2_font_size_tablet=&#8221;42px&#8221; header_2_font_size_phone=&#8221;32px&#8221; header_2_font_size_last_edited=&#8221;on|desktop&#8221; locked=&#8221;off&#8221; global_colors_info=&#8221;{}&#8221;]<\/p>\n<div class=\"db-sh-divider-top\">\n<div><\/div>\n<div><\/div>\n<div><\/div>\n<div><\/div>\n<div><\/div>\n<\/div>\n<h4>Our Team<\/h4>\n<div class=\"db-sh-divider-middle\">\n<div><\/div>\n<div><\/div>\n<div><\/div>\n<div><\/div>\n<div><\/div>\n<\/div>\n<h2>ABMS CHARTERED APPRAISERS<\/h2>\n<div class=\"db-sh-divider-bottom\">\n<div><\/div>\n<div><\/div>\n<div><\/div>\n<div><\/div>\n<div><\/div>\n<\/div>\n<p>[\/et_pb_text][et_pb_text _builder_version=&#8221;4.9.4&#8243; text_font=&#8221;|600|||||||&#8221; text_line_height=&#8221;1.75em&#8221; background_layout=&#8221;dark&#8221; custom_margin=&#8221;9px|||||&#8221; custom_margin_tablet=&#8221;21px|||&#8221; custom_margin_phone=&#8221;&#8221; custom_margin_last_edited=&#8221;on|desktop&#8221; text_font_size_tablet=&#8221;14&#8243; text_font_size_phone=&#8221;&#8221; text_font_size_last_edited=&#8221;on|desktop&#8221; global_colors_info=&#8221;{}&#8221;]<\/p>\n<p><span>Our team of accredited real estate appraisers has extensive experience in all types of property valuation, new project analysis, cost consulting, municipal assessment reviews, expert witness, and forensic appraisal. Our senior appraisers hold the AACI and CRA professional designations granted by Appraisal Institute of Canada and \/ or \u00c9A professional designations granted by L\u2019Ordre des \u00c9valuateurs Agr\u00e9\u00e9s du Qu\u00e9bec.<\/span><\/p>\n<p>[\/et_pb_text][\/et_pb_column_inner][\/et_pb_row_inner][\/et_pb_column][\/et_pb_section][et_pb_section fb_built=&#8221;1&#8243; _builder_version=&#8221;4.9.7&#8243; _module_preset=&#8221;default&#8221; background_enable_color=&#8221;off&#8221; background_color_gradient_direction=&#8221;1deg&#8221; background_enable_image=&#8221;off&#8221; background_position=&#8221;bottom_center&#8221; background_repeat=&#8221;repeat-x&#8221; global_colors_info=&#8221;{}&#8221;][et_pb_row _builder_version=&#8221;4.9.4&#8243; _module_preset=&#8221;default&#8221; global_colors_info=&#8221;{}&#8221;][et_pb_column type=&#8221;4_4&#8243; _builder_version=&#8221;4.9.4&#8243; _module_preset=&#8221;default&#8221; global_colors_info=&#8221;{}&#8221;][et_pb_text _builder_version=&#8221;4.9.7&#8243; _module_preset=&#8221;default&#8221; global_colors_info=&#8221;{}&#8221;]<\/p>\n<p style=\"text-align: center;\"><span><div class=\"sp-wp-team-pro-wrapper wp-team-pro-preloader\" >\n\n\n\n\t<div id=\"sptp-228479\"\n\t\tclass=\"sp-team-pro sptp-carousel sptp-section sptp-new_page\">\n\t\t\t<div class=\"sp-team-pro-page-loading-image\"><\/div>\n\t\t\t<div style=\"opacity: 0\" class=\"swiper-container sptp-main-carousel top-left \" data-carousel='{ \"mode\": \"standard\",   \"speed\": 300, \"dynamicBullets\": false, \"items\": 4, \"per_slide\": 1, \"spaceBetween\": 7, \"autoplay\": true, \"autoplay_speed\": 5000,  \"mouse_wheel\": false, \"allowTouchMove\": true, \"simulateTouch\": true, \"loop\": true, \"autoHeight\": true, \"breakpoints\": { \"desktop\": 4, \"desktop_screen_size\": 1200, \"laptop_screen_size\": 1024, \"tablet_screen_size\": 768, \"mobile_screen_size\": 320,  \"desktop_pSlide\": 1, \"desktop_row\": 1, \"laptop\": 3, \"laptop_pSlide\": 1, \"laptop_row\": 1, \"tablet\": 2, \"tablet_pSlide\": 1, \"tablet_row\": 1, \"mobile\": 1, \"mobile_pSlide\": 1, \"mobile_row\": 1 }, \"stop_onhover\": true, \"enabled\": true, \"prevSlideMessage\": \"Previous slide\", \"nextSlideMessage\": \"Next slide\", \"firstSlideMessage\": \"This is the first slide\", \"lastSlideMessage\": \"This is the last slide\", \"paginationBulletMessage\": \"Go to slide {{index}}\" }'>\n\t\t\t\t<div class=\"swiper-wrapper top_img_bottom_content\">\n\t\t\t\t\t\t\t\t\t\t<div class=\"swiper-slide sp-team-pro-item\" data-member=\"229210\">\n\t\t\t\t\t\t<div class=\"sptp-member  border-bg-around-member sptp-square\">\n\t<a class=\"sptp-member-avatar \"  href=https:\/\/abmsevaluation.com\/en\/team\/marianne-boufounos\/ target=_blank >\n\t<div class=\"sptp-member-avatar-img-area\" data-id=\"229210\">\n\t\t<div class=\"sptp-member-avatar-img sptp-square  none \">\n\t\t\t<div class=\"sptp-overflow-h\">\n\t\t\t\t\t\t\t\t<img loading=\"lazy\" decoding=\"async\" class=\"sptp_default_img\" src=\"https:\/\/i0.wp.com\/abmsevaluation.com\/wp-content\/uploads\/2021\/06\/MB-CROPPED.png?resize=255%2C300&amp;ssl=1\" alt=\"Team EN\" width=\"255\" height=\"300\">\n\t\t\t\t\t\t\t<\/div>\n\t\t<\/div>\n\t<\/div>\n<\/a>\n\t<div class=\"sptp-member-name \">\n\t\t<h2>\n\t\t\t\t\tMarianne Boufounos\t\t\t\t<\/h2>\n\t<\/div>\n<div class=\"sptp-member-profession\">\n\t\t\t<h4>Privacy Officer, \u00c9A, B.Comm<\/h4>\n\t<\/div>\n<\/div>\n\t\t\t\t\t\t<\/div>\n\t\t\t\t\t\t\t\t\t\t<div class=\"swiper-slide sp-team-pro-item\" data-member=\"229208\">\n\t\t\t\t\t\t<div class=\"sptp-member  border-bg-around-member sptp-square\">\n\t<a class=\"sptp-member-avatar \"  href=https:\/\/abmsevaluation.com\/en\/team\/benoit-st-louis\/ target=_blank >\n\t<div class=\"sptp-member-avatar-img-area\" data-id=\"229208\">\n\t\t<div class=\"sptp-member-avatar-img sptp-square  none \">\n\t\t\t<div class=\"sptp-overflow-h\">\n\t\t\t\t\t\t\t\t<img loading=\"lazy\" decoding=\"async\" class=\"sptp_default_img\" src=\"https:\/\/i0.wp.com\/abmsevaluation.com\/wp-content\/uploads\/2021\/06\/9.png?resize=255%2C300&amp;ssl=1\" alt=\"Team EN\" width=\"255\" height=\"300\">\n\t\t\t\t\t\t\t<\/div>\n\t\t<\/div>\n\t<\/div>\n<\/a>\n\t<div class=\"sptp-member-name \">\n\t\t<h2>\n\t\t\t\t\tBeno\u00eet St-Louis\t\t\t\t<\/h2>\n\t<\/div>\n<div class=\"sptp-member-profession\">\n\t\t\t<h4>\u00c9A<\/h4>\n\t<\/div>\n<\/div>\n\t\t\t\t\t\t<\/div>\n\t\t\t\t\t\t\t\t\t\t<div class=\"swiper-slide sp-team-pro-item\" data-member=\"229211\">\n\t\t\t\t\t\t<div class=\"sptp-member  border-bg-around-member sptp-square\">\n\t<a class=\"sptp-member-avatar \"  href=https:\/\/abmsevaluation.com\/en\/team\/george-boufounos\/ target=_blank >\n\t<div class=\"sptp-member-avatar-img-area\" data-id=\"229211\">\n\t\t<div class=\"sptp-member-avatar-img sptp-square  none \">\n\t\t\t<div class=\"sptp-overflow-h\">\n\t\t\t\t\t\t\t\t<img loading=\"lazy\" decoding=\"async\" class=\"sptp_default_img\" src=\"https:\/\/i0.wp.com\/abmsevaluation.com\/wp-content\/uploads\/2021\/09\/1.png?resize=255%2C300&amp;ssl=1\" alt=\"George Boufounos\" width=\"255\" height=\"300\">\n\t\t\t\t\t\t\t<\/div>\n\t\t<\/div>\n\t<\/div>\n<\/a>\n\t<div class=\"sptp-member-name \">\n\t\t<h2>\n\t\t\t\t\tGeorge Boufounos\t\t\t\t<\/h2>\n\t<\/div>\n<div class=\"sptp-member-profession\">\n\t\t\t<h4>\u00c9A, AACI<\/h4>\n\t<\/div>\n<\/div>\n\t\t\t\t\t\t<\/div>\n\t\t\t\t\t\t\t\t\t\t<div class=\"swiper-slide sp-team-pro-item\" data-member=\"229207\">\n\t\t\t\t\t\t<div class=\"sptp-member  border-bg-around-member sptp-square\">\n\t<a class=\"sptp-member-avatar \"  href=https:\/\/abmsevaluation.com\/en\/team\/pascal-roger\/ target=_blank >\n\t<div class=\"sptp-member-avatar-img-area\" data-id=\"229207\">\n\t\t<div class=\"sptp-member-avatar-img sptp-square  none \">\n\t\t\t<div class=\"sptp-overflow-h\">\n\t\t\t\t\t\t\t\t<img loading=\"lazy\" decoding=\"async\" class=\"sptp_default_img\" src=\"https:\/\/i0.wp.com\/abmsevaluation.com\/wp-content\/uploads\/2021\/09\/6.png?resize=255%2C300&amp;ssl=1\" alt=\"Team EN\" width=\"255\" height=\"300\">\n\t\t\t\t\t\t\t<\/div>\n\t\t<\/div>\n\t<\/div>\n<\/a>\n\t<div class=\"sptp-member-name \">\n\t\t<h2>\n\t\t\t\t\tPascal Roger\t\t\t\t<\/h2>\n\t<\/div>\n<div class=\"sptp-member-profession\">\n\t\t\t<h4>Consultant<\/h4>\n\t<\/div>\n<\/div>\n\t\t\t\t\t\t<\/div>\n\t\t\t\t\t\t\t\t\t\t<div class=\"swiper-slide sp-team-pro-item\" data-member=\"229205\">\n\t\t\t\t\t\t<div class=\"sptp-member  border-bg-around-member sptp-square\">\n\t<a class=\"sptp-member-avatar \"  href=https:\/\/abmsevaluation.com\/en\/team\/tim-velenosi\/ target=_blank >\n\t<div class=\"sptp-member-avatar-img-area\" data-id=\"229205\">\n\t\t<div class=\"sptp-member-avatar-img sptp-square  none \">\n\t\t\t<div class=\"sptp-overflow-h\">\n\t\t\t\t\t\t\t\t<img loading=\"lazy\" decoding=\"async\" class=\"sptp_default_img\" src=\"https:\/\/i0.wp.com\/abmsevaluation.com\/wp-content\/uploads\/2021\/09\/7.png?resize=255%2C300&amp;ssl=1\" alt=\"Team EN\" width=\"255\" height=\"300\">\n\t\t\t\t\t\t\t<\/div>\n\t\t<\/div>\n\t<\/div>\n<\/a>\n\t<div class=\"sptp-member-name \">\n\t\t<h2>\n\t\t\t\t\tTim Velenosi\t\t\t\t<\/h2>\n\t<\/div>\n<div class=\"sptp-member-profession\">\n\t\t\t<h4>B.A. Econ.<\/h4>\n\t<\/div>\n<\/div>\n\t\t\t\t\t\t<\/div>\n\t\t\t\t\t\t\t\t\t\t<div class=\"swiper-slide sp-team-pro-item\" data-member=\"229204\">\n\t\t\t\t\t\t<div class=\"sptp-member  border-bg-around-member sptp-square\">\n\t<a class=\"sptp-member-avatar \"  href=https:\/\/abmsevaluation.com\/en\/team\/eric-belanger\/ target=_blank >\n\t<div class=\"sptp-member-avatar-img-area\" data-id=\"229204\">\n\t\t<div class=\"sptp-member-avatar-img sptp-square  none \">\n\t\t\t<div class=\"sptp-overflow-h\">\n\t\t\t\t\t\t\t\t<img loading=\"lazy\" decoding=\"async\" class=\"sptp_default_img\" src=\"https:\/\/i0.wp.com\/abmsevaluation.com\/wp-content\/uploads\/2021\/06\/8.png?resize=255%2C300&amp;ssl=1\" alt=\"Team EN\" width=\"255\" height=\"300\">\n\t\t\t\t\t\t\t<\/div>\n\t\t<\/div>\n\t<\/div>\n<\/a>\n\t<div class=\"sptp-member-name \">\n\t\t<h2>\n\t\t\t\t\tEric Belanger\t\t\t\t<\/h2>\n\t<\/div>\n<div class=\"sptp-member-profession\">\n\t\t\t<h4>B.Comm <\/h4>\n\t<\/div>\n<\/div>\n\t\t\t\t\t\t<\/div>\n\t\t\t\t\t\t\t\t\t\t<div class=\"swiper-slide sp-team-pro-item\" data-member=\"229212\">\n\t\t\t\t\t\t<div class=\"sptp-member  border-bg-around-member sptp-square\">\n\t<a class=\"sptp-member-avatar \"  href=https:\/\/abmsevaluation.com\/en\/team\/paul-e-bedard\/ target=_blank >\n\t<div class=\"sptp-member-avatar-img-area\" data-id=\"229212\">\n\t\t<div class=\"sptp-member-avatar-img sptp-square  none \">\n\t\t\t<div class=\"sptp-overflow-h\">\n\t\t\t\t\t\t\t\t<img data-recalc-dims=\"1\" loading=\"lazy\" decoding=\"async\" class=\"sptp_default_img\" src=\"https:\/\/i0.wp.com\/abmsevaluation.com\/wp-content\/plugins\/wp-team-pro\/src\/Frontend\/img\/Placeholder-Image.png?resize=600%2C450&#038;ssl=1\" alt=\"Team EN\" width=\"600\" height=\"450\">\n\t\t\t\t\t\t\t<\/div>\n\t\t<\/div>\n\t<\/div>\n<\/a>\n\t<div class=\"sptp-member-name \">\n\t\t<h2>\n\t\t\t\t\tPaul \u00c9. B\u00e9dard\t\t\t\t<\/h2>\n\t<\/div>\n<div class=\"sptp-member-profession\">\n\t\t\t<h4>Consultant<\/h4>\n\t<\/div>\n<\/div>\n\t\t\t\t\t\t<\/div>\n\t\t\t\t\t\t\t\t\t\t<div class=\"swiper-slide sp-team-pro-item\" data-member=\"229209\">\n\t\t\t\t\t\t<div class=\"sptp-member  border-bg-around-member sptp-square\">\n\t<a class=\"sptp-member-avatar \"  href=https:\/\/abmsevaluation.com\/en\/team\/giuseppe-joe-bruno\/ target=_blank >\n\t<div class=\"sptp-member-avatar-img-area\" data-id=\"229209\">\n\t\t<div class=\"sptp-member-avatar-img sptp-square  none \">\n\t\t\t<div class=\"sptp-overflow-h\">\n\t\t\t\t\t\t\t\t<img data-recalc-dims=\"1\" loading=\"lazy\" decoding=\"async\" class=\"sptp_default_img\" src=\"https:\/\/i0.wp.com\/abmsevaluation.com\/wp-content\/plugins\/wp-team-pro\/src\/Frontend\/img\/Placeholder-Image.png?resize=600%2C450&#038;ssl=1\" alt=\"Team EN\" width=\"600\" height=\"450\">\n\t\t\t\t\t\t\t<\/div>\n\t\t<\/div>\n\t<\/div>\n<\/a>\n\t<div class=\"sptp-member-name \">\n\t\t<h2>\n\t\t\t\t\tGiuseppe (Joe) Bruno\t\t\t\t<\/h2>\n\t<\/div>\n<div class=\"sptp-member-profession\">\n\t\t\t<h4>\u00c9A, AACI<\/h4>\n\t<\/div>\n<\/div>\n\t\t\t\t\t\t<\/div>\n\t\t\t\t\t\t\t\t\t<\/div>\n\t\t\t\t\t\t\t\t\t\t<div class=\"sptp-button-next swiper-button-next top-left\"><i class=\"fa fa-angle-right\"><\/i><\/div>\n\t\t\t<div class=\"sptp-button-prev swiper-button-prev top-left\"><i class=\"fa fa-angle-left\"><\/i><\/div>\n\t\t\t\t\t<\/div>\n\t\t\t\t<\/div>\n<\/div>\n<\/span><\/p>\n<p>[\/et_pb_text][\/et_pb_column][\/et_pb_row][\/et_pb_section]<\/p>\n","protected":false},"excerpt":{"rendered":"<p>Team Our Team ABMS CHARTERED APPRAISERS Our team of accredited real estate appraisers has extensive experience in all types of property valuation, new project analysis, cost consulting, municipal assessment reviews, expert witness, and forensic appraisal. Our senior appraisers hold the AACI and CRA professional designations granted by Appraisal Institute of Canada and \/ or \u00c9A [&hellip;]<\/p>\n","protected":false},"author":1,"featured_media":0,"parent":0,"menu_order":0,"comment_status":"closed","ping_status":"closed","template":"","meta":{"_et_pb_use_builder":"on","_et_pb_old_content":"","_et_gb_content_width":"","footnotes":""},"class_list":["post-228821","page","type-page","status-publish","hentry"],"jetpack_sharing_enabled":true,"_links":{"self":[{"href":"https:\/\/abmsevaluation.com\/en\/wp-json\/wp\/v2\/pages\/228821","targetHints":{"allow":["GET"]}}],"collection":[{"href":"https:\/\/abmsevaluation.com\/en\/wp-json\/wp\/v2\/pages"}],"about":[{"href":"https:\/\/abmsevaluation.com\/en\/wp-json\/wp\/v2\/types\/page"}],"author":[{"embeddable":true,"href":"https:\/\/abmsevaluation.com\/en\/wp-json\/wp\/v2\/users\/1"}],"replies":[{"embeddable":true,"href":"https:\/\/abmsevaluation.com\/en\/wp-json\/wp\/v2\/comments?post=228821"}],"version-history":[{"count":2,"href":"https:\/\/abmsevaluation.com\/en\/wp-json\/wp\/v2\/pages\/228821\/revisions"}],"predecessor-version":[{"id":229235,"href":"https:\/\/abmsevaluation.com\/en\/wp-json\/wp\/v2\/pages\/228821\/revisions\/229235"}],"wp:attachment":[{"href":"https:\/\/abmsevaluation.com\/en\/wp-json\/wp\/v2\/media?parent=228821"}],"curies":[{"name":"wp","href":"https:\/\/api.w.org\/{rel}","templated":true}]}}